{"id":520,"date":"2020-04-21T09:43:19","date_gmt":"2020-04-21T09:43:19","guid":{"rendered":"https:\/\/cdi.hr\/?page_id=520"},"modified":"2020-05-02T13:04:57","modified_gmt":"2020-05-02T13:04:57","slug":"o-nama","status":"publish","type":"page","link":"https:\/\/cdi.hr\/en\/o-nama\/","title":{"rendered":"About us"},"content":{"rendered":"<p><span style=\"color: #de4949;\"><strong>BASIC INFORMATIONS:<\/strong><\/span><\/p>\n<table>\n<tbody>\n<tr>\n<td width=\"132\"><strong>REGISTRATION NUMBER:<\/strong><\/td>\n<td width=\"217\">21009425<\/td>\n<td width=\"142\"><strong>OIB<\/strong><\/td>\n<td width=\"110\">92833082591<\/td>\n<\/tr>\n<tr>\n<td width=\"132\"><strong>NAME<\/strong><\/td>\n<td width=\"217\">CENTAR DRU\u0160TVENIH INOVACIJA<\/td>\n<td width=\"142\"><strong>SHORT NAME<\/strong><\/td>\n<td width=\"110\">CDI<\/td>\n<\/tr>\n<tr>\n<td width=\"132\"><strong>HEADQUARTER<\/strong><\/td>\n<td width=\"217\">PANTOV\u010cAK 85, ZAGREB, CRO<\/td>\n<td width=\"142\"><strong>PIC NUMBER<\/strong><\/td>\n<td width=\"110\">899615928<\/td>\n<\/tr>\n<tr>\n<td width=\"132\"><strong>RNO<\/strong><\/td>\n<td width=\"217\">0215880<\/td>\n<td width=\"142\"><strong>ID NUMBER<\/strong><\/td>\n<td width=\"110\">02893061<\/td>\n<\/tr>\n<tr>\n<td width=\"132\"><strong>IBAN<\/strong><\/td>\n<td width=\"217\">HR0524070001100071919, OTP BANKA<\/td>\n<td width=\"142\"><strong>OID:<\/strong><\/td>\n<td width=\"110\">E10218881<\/td>\n<\/tr>\n<\/tbody>\n<\/table>\n<p><span style=\"color: #de4949;\"><strong>GOAL:<\/strong><\/span><\/p>\n<p style=\"text-align: justify;\">Developing, encouraging and promoting social innovation and social entrepreneurship in Croatia, networking and supporting social \/ social innovators and entrepreneurs; promoting the values and culture of social \/ social innovation in society; developing and promoting new forms of business and organizations in accordance with the principles of sustainability in economic, social and environmental terms and in accordance with the highest principles of personal and social responsibility.<\/p>\n<p>&nbsp;<\/p>\n<p><span style=\"color: #de4949;\"><strong>ACTIVITIES THAT MEET THE OBJECTIVES:<\/strong><\/span><\/p>\n<p style=\"text-align: justify;\">Designing, developing and implementing Center programs and projects; organization of panels, seminars, lectures, courses, round tables, training, training, and other forms of non-formal education and activities aimed at achieving the goals of the Center; drafting and proposing projects aimed at improving the position of children and young people preparing and implementing projects funded by international and European Union funds; volunteer work and activities of volunteer centers; developing international cooperation programs and fostering international friendships; publishing books, magazines and other publications in the field of their activity in accordance with a special regulation; strengthening cooperation with related organizations in Croatia and abroad.<\/p>\n<p>&nbsp;<\/p>\n<p><span style=\"color: #de4949;\"><strong>TARGET GROUPS:<\/strong><\/span><\/p>\n<ul>\n<li><strong>ACADEMIC COMMUNITY<\/strong><\/li>\n<li><strong>VETERANS<\/strong><\/li>\n<li><strong>GIFTED CHILDREN AND YOUNG PEOPLE<\/strong><\/li>\n<li><strong>CITIZENS - GENERAL POPULATION<\/strong><\/li>\n<li><strong>INNOVATORS<\/strong><\/li>\n<li><strong>YOUNG PEOPLE - GENERAL POPULATION<\/strong><\/li>\n<li><strong>NATIONAL MINORITIES<\/strong><\/li>\n<li><strong>UNEMPLOYED<\/strong><\/li>\n<li><strong>FAMILY<\/strong><\/li>\n<li><strong>EDUCATIONAL INSTITUTIONS<\/strong><\/li>\n<li><strong>EDUCATIONAL WORKERS<\/strong><\/li>\n<li><strong>PERSONS WITH DISABILITIES<\/strong><\/li>\n<li><strong>OLDER AGE PERSONS<\/strong><\/li>\n<li><strong>EMPLOYERS<\/strong><\/li>\n<li><strong>REGIONAL OR LOCAL GOVERNMENT<\/strong><\/li>\n<li><strong>PARENTS<\/strong><\/li>\n<li><strong>ATHLETS<\/strong><\/li>\n<li><strong>SPORTS WORKERS<\/strong><\/li>\n<li><strong>STUDENTS<\/strong><\/li>\n<li><strong>BODIES OF STATE ADMINISTRATION<\/strong><\/li>\n<li><strong>ASSOCIATIONS AND CITIZENS  INITIATIVES<\/strong><\/li>\n<li><strong>PUPILS<\/strong><\/li>\n<li><strong>VOLUNTEERS<\/strong><\/li>\n<\/ul>\n<p>&nbsp;<\/p>","protected":false},"excerpt":{"rendered":"<p>OSNOVNE INFORMACIJE: REGISTARSKI BROJ 21009425 OIB 92833082591 NAZIV CENTAR DRU\u0160TVENIH INOVACIJA SKRA\u0106ENI NAZIV CDI SJEDI\u0160TE PANTOV\u010cAK 85, ZAGREB, HR PIC NUMBER 899615928 RNO 0215880 MATI\u010cNI BROJ 02893061 IBAN HR0524070001100071919, OTP BANKA OID: E10218881 CILJ: Razvoj, poticanje i promicanje socijalnih inovacija<\/p>","protected":false},"author":1,"featured_media":0,"parent":0,"menu_order":0,"comment_status":"closed","ping_status":"closed","template":"","meta":{"footnotes":""},"class_list":["post-520","page","type-page","status-publish","hentry"],"_links":{"self":[{"href":"https:\/\/cdi.hr\/en\/wp-json\/wp\/v2\/pages\/520"}],"collection":[{"href":"https:\/\/cdi.hr\/en\/wp-json\/wp\/v2\/pages"}],"about":[{"href":"https:\/\/cdi.hr\/en\/wp-json\/wp\/v2\/types\/page"}],"author":[{"embeddable":true,"href":"https:\/\/cdi.hr\/en\/wp-json\/wp\/v2\/users\/1"}],"replies":[{"embeddable":true,"href":"https:\/\/cdi.hr\/en\/wp-json\/wp\/v2\/comments?post=520"}],"version-history":[{"count":18,"href":"https:\/\/cdi.hr\/en\/wp-json\/wp\/v2\/pages\/520\/revisions"}],"predecessor-version":[{"id":814,"href":"https:\/\/cdi.hr\/en\/wp-json\/wp\/v2\/pages\/520\/revisions\/814"}],"wp:attachment":[{"href":"https:\/\/cdi.hr\/en\/wp-json\/wp\/v2\/media?parent=520"}],"curies":[{"name":"wp","href":"https:\/\/api.w.org\/{rel}","templated":true}]}}