{"id":522,"date":"2020-04-21T09:43:27","date_gmt":"2020-04-21T09:43:27","guid":{"rendered":"https:\/\/cdi.hr\/?page_id=522"},"modified":"2020-05-02T13:52:05","modified_gmt":"2020-05-02T13:52:05","slug":"projekti","status":"publish","type":"page","link":"https:\/\/cdi.hr\/en\/projekti\/","title":{"rendered":"Cooperation"},"content":{"rendered":"<p><strong><span style=\"color: #de4949;\">COOPERATION WITH CENTER FOR SOCIAL INNOVATION<\/span><\/strong><\/p>\n<p><img loading=\"lazy\" decoding=\"async\" class=\"alignnone wp-image-737 size-full\" src=\"https:\/\/cdi.hr\/wp-content\/uploads\/2020\/04\/suradnja.jpg\" alt=\"\" width=\"640\" height=\"428\" srcset=\"https:\/\/cdi.hr\/wp-content\/uploads\/2020\/04\/suradnja.jpg 640w, https:\/\/cdi.hr\/wp-content\/uploads\/2020\/04\/suradnja-300x201.jpg 300w\" sizes=\"(max-width: 640px) 100vw, 640px\" \/><\/p>\n<p style=\"text-align: justify;\">The Center for Social Innovation is always actively seeking opportunities for new collaborations and partnerships. Through joint activities, our goal is to identify priorities through the needs analysis and create a targeted project \/ program in response to a defined need. The Center collaborates with partners throughout the cycle from idea, project \/ program writing, implementation of activities, evaluation, reporting and ensuring sustainability and continuation of project \/ program.<\/p>\n<p style=\"text-align: justify;\">If you have an idea and are not sure how to design and implement it, you need a reliable partner who will responsibly do his part of the tasks and contribute to the quality of project applications and implementation, do research and analyze large amounts of data, please contact us to arrange a meeting.<\/p>\n<p style=\"text-align: justify\">Our projects are implemented at all levels from the world to the local and are always focused on improving the community through our core principles.<\/p>","protected":false},"excerpt":{"rendered":"<p>SURADNJA S CENTROM DRU\u0160TVENIH INOVACIJA Centar Dru\u0161tvenih Inovacija uvijek aktivno tra\u017ei mogu\u0107nosti za nove suradnje i partnerstava. Kroz zajedni\u010dke aktivnosti cilj nam je kroz analizu potreba uvidjeti prioritete te kreirati ciljan projekt\/program kao odgovor na definiranu potrebu. Centar s partnerima<\/p>","protected":false},"author":1,"featured_media":0,"parent":0,"menu_order":0,"comment_status":"closed","ping_status":"closed","template":"","meta":{"footnotes":""},"class_list":["post-522","page","type-page","status-publish","hentry"],"_links":{"self":[{"href":"https:\/\/cdi.hr\/en\/wp-json\/wp\/v2\/pages\/522"}],"collection":[{"href":"https:\/\/cdi.hr\/en\/wp-json\/wp\/v2\/pages"}],"about":[{"href":"https:\/\/cdi.hr\/en\/wp-json\/wp\/v2\/types\/page"}],"author":[{"embeddable":true,"href":"https:\/\/cdi.hr\/en\/wp-json\/wp\/v2\/users\/1"}],"replies":[{"embeddable":true,"href":"https:\/\/cdi.hr\/en\/wp-json\/wp\/v2\/comments?post=522"}],"version-history":[{"count":9,"href":"https:\/\/cdi.hr\/en\/wp-json\/wp\/v2\/pages\/522\/revisions"}],"predecessor-version":[{"id":841,"href":"https:\/\/cdi.hr\/en\/wp-json\/wp\/v2\/pages\/522\/revisions\/841"}],"wp:attachment":[{"href":"https:\/\/cdi.hr\/en\/wp-json\/wp\/v2\/media?parent=522"}],"curies":[{"name":"wp","href":"https:\/\/api.w.org\/{rel}","templated":true}]}}