{"id":604,"date":"2020-04-21T10:33:09","date_gmt":"2020-04-21T10:33:09","guid":{"rendered":"https:\/\/cdi.hr\/?page_id=604"},"modified":"2023-03-23T10:54:38","modified_gmt":"2023-03-23T10:54:38","slug":"tim","status":"publish","type":"page","link":"https:\/\/cdi.hr\/en\/tim\/","title":{"rendered":"Team"},"content":{"rendered":"<p><span style=\"color: #de4949;\"><strong>CENTER FOR SOCIAL INNOVATION TEAM:<\/strong><\/span><\/p>\n<p>&nbsp;<\/p>\n<p><span style=\"color: #de4949;\"><strong>MANAGEMENT BOARD:<\/strong><\/span><\/p>\n<hr \/>\n<p><strong>DUBRAVKO \u0160OPAR<br \/>\n<\/strong>The Director<\/p>\n<p><strong>VLADIMIR KERE\u010cENI,\u00a0<\/strong>mag.theol., doktorand<br \/>\nAdvisor, Board Member<\/p>\n<p><strong>BO\u017dIDAR NIK\u0160A TARABI\u0106,\u00a0<\/strong>mag.psych. , PHD student<br \/>\nAdvisor, Board Member<\/p>\n<p>&nbsp;<\/p>\n<p>&nbsp;<\/p>\n<p><span style=\"color: #de4949;\"><strong>PROFESSIONAL ASSOCIATE:<\/strong><\/span><\/p>\n<hr \/>\n<p><strong>RICHMOND FRIMPONG, <\/strong>bacc.oec. and sociolgy<\/p>\n<p><strong>MATEA RU\u017dI\u0106, <\/strong>mag.ing.amb.<\/p>\n<p><strong>LEA BLA\u017dEVI\u0106,\u00a0<\/strong>studentica prava<\/p>\n<p>&nbsp;<\/p>\n<p><span style=\"color: #de4949;\"><strong>ZAPOSLENICI:<\/strong><\/span><\/p>\n<hr \/>\n<p><strong>Leo Fel, <\/strong>mag.iur.<\/p>\n<p><strong>Gordana Mihalkovi\u0107<\/strong><\/p>\n<p><strong>Andrea Zeko<\/strong><\/p>\n<p><strong>Marina Brajkovi\u0107<\/strong><\/p>\n<p><strong>Antonela Zeko<\/strong><\/p>\n<p><strong>Nikolina Ruk<\/strong><\/p>\n<p><strong>Bla\u017eenka Pohi\u017eek<\/strong><\/p>\n<p><strong>Bo\u017eica Greguri\u0107<\/strong><\/p>\n<p><strong>Vanesa Leinweber<\/strong><\/p>\n<p><strong>Suzana Juri\u0161i\u0107<\/strong><\/p>\n<p><strong>Alisa Bartulovi\u0107<\/strong><strong>\u00a0<\/strong><\/p>\n<p>&nbsp;<\/p>\n<p>&nbsp;<\/p>","protected":false},"excerpt":{"rendered":"<p>TIM CENTRA DRU\u0160TVENIH INOVACIJA: &nbsp; UPRAVNI ODBOR: DUBRAVKO \u0160OPAR Ravnatelj VLADIMIR KERE\u010cENI,\u00a0mag.theol., doktorand Savjetnik, \u010dlan upravnog odbora BO\u017dIDAR NIK\u0160A TARABI\u0106,\u00a0mag.psych. , PHD student Savjetnik, \u010dlan upravnog odbora &nbsp; &nbsp; STRU\u010cNI SURADNICI: RICHMOND FRIMPONG, bacc.oec. and sociolgy MATEA RU\u017dI\u0106, mag.ing.amb. LEA<\/p>","protected":false},"author":1,"featured_media":0,"parent":0,"menu_order":0,"comment_status":"closed","ping_status":"closed","template":"","meta":{"footnotes":""},"class_list":["post-604","page","type-page","status-publish","hentry"],"_links":{"self":[{"href":"https:\/\/cdi.hr\/en\/wp-json\/wp\/v2\/pages\/604"}],"collection":[{"href":"https:\/\/cdi.hr\/en\/wp-json\/wp\/v2\/pages"}],"about":[{"href":"https:\/\/cdi.hr\/en\/wp-json\/wp\/v2\/types\/page"}],"author":[{"embeddable":true,"href":"https:\/\/cdi.hr\/en\/wp-json\/wp\/v2\/users\/1"}],"replies":[{"embeddable":true,"href":"https:\/\/cdi.hr\/en\/wp-json\/wp\/v2\/comments?post=604"}],"version-history":[{"count":32,"href":"https:\/\/cdi.hr\/en\/wp-json\/wp\/v2\/pages\/604\/revisions"}],"predecessor-version":[{"id":1078,"href":"https:\/\/cdi.hr\/en\/wp-json\/wp\/v2\/pages\/604\/revisions\/1078"}],"wp:attachment":[{"href":"https:\/\/cdi.hr\/en\/wp-json\/wp\/v2\/media?parent=604"}],"curies":[{"name":"wp","href":"https:\/\/api.w.org\/{rel}","templated":true}]}}