{"id":610,"date":"2020-04-21T10:33:49","date_gmt":"2020-04-21T10:33:49","guid":{"rendered":"https:\/\/cdi.hr\/?page_id=610"},"modified":"2020-05-05T07:39:35","modified_gmt":"2020-05-05T07:39:35","slug":"lokalni","status":"publish","type":"page","link":"https:\/\/cdi.hr\/en\/lokalni\/","title":{"rendered":"Local"},"content":{"rendered":"<p style=\"text-align: justify;\">At the local level, we carry out various projects to improve the living conditions for young people, their education through both formal and non-formal forms of education. We are actively developing new opportunities and creating new opportunities for young people to prepare themselves more successfully for entry into the world of work.<\/p>\n<p style=\"text-align: justify;\">In addition, we participate in and conduct research and create local youth programs to respond to the needs of young people in a particular environment and to adopt a strategic document and action plan for further action.<\/p>\n<p style=\"text-align: justify;\">Center for Social Innovation provides support and counseling, as well as psychological counseling for parents, families, children and young people and citizens.<\/p>\n<p style=\"text-align: justify;\">Through entrepreneurial projects we empower young people to enter the world of entrepreneurship, provide education and create a basic set of knowledge for new entrepreneurs, raise awareness of social entrepreneurship and provide various services from consulting to analysis and research.<\/p>\n<h3><a href=\"https:\/\/cdi.hr\/en\/program-za-mlade-opcine-dubrava\/\"><strong><span style=\"color: #de4949;\">YOUTH PROGRAM FOR MUNICIPALITY OF DUBRAVA<\/span><\/strong><\/a><\/h3>\n<p><iframe loading=\"lazy\" title=\"Characteristics of Quality Youth Development Programs\" width=\"750\" height=\"422\" src=\"https:\/\/www.youtube.com\/embed\/z3tfq-R7q1w?feature=oembed\" frameborder=\"0\" allow=\"accelerometer; autoplay; encrypted-media; gyroscope; picture-in-picture\" allowfullscreen><\/iframe><\/p>","protected":false},"excerpt":{"rendered":"<p>Na lokalnoj razini provodimo razli\u010dite projekte za pobolj\u0161anje \u017eivotnih uvjeta za mlade, njihovo obrazovanje kako kroz formalne tako i neformalne oblike obrazovanja. Aktivno stvaramo nove mogu\u0107nosti i ostvarujemo nove mogu\u0107nosti za mlade kako bi se uspje\u0161nije pripremili za ulazak u<\/p>","protected":false},"author":1,"featured_media":0,"parent":0,"menu_order":0,"comment_status":"closed","ping_status":"closed","template":"","meta":{"footnotes":""},"class_list":["post-610","page","type-page","status-publish","hentry"],"_links":{"self":[{"href":"https:\/\/cdi.hr\/en\/wp-json\/wp\/v2\/pages\/610"}],"collection":[{"href":"https:\/\/cdi.hr\/en\/wp-json\/wp\/v2\/pages"}],"about":[{"href":"https:\/\/cdi.hr\/en\/wp-json\/wp\/v2\/types\/page"}],"author":[{"embeddable":true,"href":"https:\/\/cdi.hr\/en\/wp-json\/wp\/v2\/users\/1"}],"replies":[{"embeddable":true,"href":"https:\/\/cdi.hr\/en\/wp-json\/wp\/v2\/comments?post=610"}],"version-history":[{"count":7,"href":"https:\/\/cdi.hr\/en\/wp-json\/wp\/v2\/pages\/610\/revisions"}],"predecessor-version":[{"id":846,"href":"https:\/\/cdi.hr\/en\/wp-json\/wp\/v2\/pages\/610\/revisions\/846"}],"wp:attachment":[{"href":"https:\/\/cdi.hr\/en\/wp-json\/wp\/v2\/media?parent=610"}],"curies":[{"name":"wp","href":"https:\/\/api.w.org\/{rel}","templated":true}]}}