{"id":612,"date":"2020-04-21T10:34:20","date_gmt":"2020-04-21T10:34:20","guid":{"rendered":"https:\/\/cdi.hr\/?page_id=612"},"modified":"2020-05-03T13:07:28","modified_gmt":"2020-05-03T13:07:28","slug":"pif-cdi","status":"publish","type":"page","link":"https:\/\/cdi.hr\/en\/pif-cdi\/","title":{"rendered":"PIF CDI"},"content":{"rendered":"<p style=\"text-align: center;\"><span style=\"color: #de4949;\"><strong>CENTAR DRU\u0160TVENIH INOVACIJA &#8211; CENTER FOR SOCIAL INNOVATION<\/strong><\/span><br \/>\n<span style=\"color: #de4949;\"><strong>PARTNER IDENTIFICATION FORM<\/strong><\/span><\/p>\n<p><strong>Dear partner,<\/strong><\/p>\n<p style=\"text-align: justify;\">Thank you for considering us for your future project. As an organization, the Center for Social Innovation always approaches each project proposal as professionally as possible and strives to make the maximum contribution when writing a project proposal, preparing a project and activity, and implementing and disseminating it.<\/p>\n<p style=\"text-align: justify;\">As an organization of professionals, we are improving each day, developing new skills and new knowledge so that in our work we always give maximum and strive for perfection.<\/p>\n<p style=\"text-align: justify;\"><strong>We value trust, honesty and open communication among our partners, so if you have any questions or suggestions please contact us.<\/strong><\/p>\n<hr \/>\n<p><strong>BASIC INFORMATIONS:<\/strong><\/p>\n<p><strong style=\"color: #de4949;\">PIC NUMBER: <span style=\"color: #000000;\">899615928<\/span> \u00a0 \u00a0 \u00a0 \u00a0 \u00a0 &#8211; \u00a0 \u00a0 \u00a0 \u00a0<\/strong>\u00a0 \u00a0\u00a0<span style=\"color: #de4949;\"><strong>ORGANIZATIONAL ID (OID):\u00a0<span style=\"color: #000000;\">E10218881<\/span><\/strong><\/span><\/p>\n<hr \/>\n<table>\n<tbody>\n<tr>\n<td width=\"300\"><span style=\"color: #de4949;\"><strong>PIC NUMBER<\/strong><\/span><\/td>\n<td width=\"300\"><strong>899615928<\/strong><\/td>\n<\/tr>\n<tr>\n<td width=\"300\"><span style=\"color: #de4949;\"><strong>ORGANIZATIONAL ID (OID)<\/strong><\/span><\/td>\n<td width=\"300\"><strong><span style=\"color: #de4949;\"><span style=\"color: #000000;\">E10218881<\/span><\/span><\/strong><\/td>\n<\/tr>\n<tr>\n<td width=\"300\"><strong><span style=\"color: #de4949;\">FULL NAME OF THE ORGANIZATION<\/span><br \/>\n(in native language)<\/strong><\/td>\n<td width=\"300\"><strong>CENTAR DRU\u0160TVENIH INOVACIJA<\/strong><\/td>\n<\/tr>\n<tr>\n<td width=\"300\"><strong><span style=\"color: #de4949;\">FULL NAME OF THE ORGANIZATION<\/span><br \/>\n(in latin characters)<\/strong><\/td>\n<td width=\"300\"><strong>CENTAR DRU\u0160TVENIH INOVACIJA<\/strong><\/td>\n<\/tr>\n<tr>\n<td width=\"300\"><span style=\"color: #de4949;\"><strong>ACRONYM OF ORGANIZATION&#8217;S NAME<\/strong><\/span><\/td>\n<td width=\"300\"><strong>CDI<\/strong><\/td>\n<\/tr>\n<tr>\n<td width=\"300\"><span style=\"color: #de4949;\"><strong>NATIONAL ID:<\/strong><\/span><\/td>\n<td width=\"300\"><strong>92833082591<\/strong><\/td>\n<\/tr>\n<tr>\n<td width=\"300\"><strong><span style=\"color: #de4949;\">POSTAL ADDRESS<\/span> (street, number)<\/strong><\/td>\n<td width=\"300\"><strong>PANTOV\u010cAK 85<\/strong><\/td>\n<\/tr>\n<tr>\n<td width=\"300\"><span style=\"color: #de4949;\"><strong>COUNTRY<\/strong><\/span><\/td>\n<td width=\"300\"><strong>CROATIA<\/strong><\/td>\n<\/tr>\n<tr>\n<td width=\"300\"><span style=\"color: #de4949;\"><strong>REGION<\/strong><\/span><\/td>\n<td width=\"300\"><strong>GRAD ZAGREB<\/strong><\/td>\n<\/tr>\n<tr>\n<td width=\"300\"><span style=\"color: #de4949;\"><strong>POST CODE<\/strong><\/span><\/td>\n<td width=\"300\"><strong>10000<\/strong><\/td>\n<\/tr>\n<tr>\n<td width=\"300\"><span style=\"color: #de4949;\"><strong>CITY<\/strong><\/span><\/td>\n<td width=\"300\"><strong>ZAGREB<\/strong><\/td>\n<\/tr>\n<tr>\n<td width=\"300\"><span style=\"color: #de4949;\"><strong>WEBPAGE<\/strong><\/span><\/td>\n<td width=\"300\"><strong><a href=\"https:\/\/cdi.hr\/en\/\">WWW.CDI.HR<\/a><\/strong><\/td>\n<\/tr>\n<tr>\n<td width=\"300\"><span style=\"color: #de4949;\"><strong>E-MAIL ADDRESS<\/strong><\/span><\/td>\n<td width=\"300\"><strong><a href=\"mailto:INFO@CDI.HR\">INFO@CDI.HR<\/a><\/strong><\/td>\n<\/tr>\n<tr>\n<td width=\"300\"><span style=\"color: #de4949;\"><strong>TELEPHONE<\/strong><\/span><\/td>\n<td width=\"300\"><strong>+385989537002<\/strong><\/td>\n<\/tr>\n<\/tbody>\n<\/table>\n<hr \/>\n<p><strong>CONTACT PERSON<\/strong><\/p>\n<hr \/>\n<table>\n<tbody>\n<tr>\n<td width=\"300\"><strong>FIRST NAME<\/strong><\/td>\n<td width=\"300\">DUBRAVKO<\/td>\n<\/tr>\n<tr>\n<td width=\"300\"><strong>FAMILY NAME<\/strong><\/td>\n<td width=\"300\">SOPAR<\/td>\n<\/tr>\n<tr>\n<td width=\"300\"><strong>POSITION<\/strong><\/td>\n<td width=\"300\">MANAGER<\/td>\n<\/tr>\n<tr>\n<td width=\"300\"><strong>E-MAIL<\/strong><\/td>\n<td width=\"300\"><a href=\"mailto:DUBRAVKO@CDI.HR\">DUBRAVKO@CDI.HR<\/a><\/td>\n<\/tr>\n<tr>\n<td width=\"300\"><strong>TELEPHONE<\/strong><\/td>\n<td width=\"300\">+385989537002<\/td>\n<\/tr>\n<\/tbody>\n<\/table>\n<hr \/>\n<p><strong>BRIEF DESCRIPTION<\/strong><\/p>\n<p>Center for Social Innovation was created based on the need to improve the opportunities for children and young people and to create a stimulating and challenging environment through which children and young people are developed through the processes of formal, informal and informal education into active citizens who will change their community. Through the Center, four programs have been launched through which we focus on creative and &#8220;different&#8221; thinking so young people can reach throught mentoring top results. Today we in Center have three main pillars of our work: advocacy, research and direct work with children and young people.<\/p>\n<hr \/>\n<p><strong>RELEVANT EXPERIENCE&amp;ACTIVITIES<\/strong><\/p>\n<p>We have experience in:<\/p>\n<ul>\n<li>Sustainable development<\/li>\n<li>Sustainable Development Goals<\/li>\n<li>Entrepreneurship and social entrepreneurship<\/li>\n<li>Research<\/li>\n<li>STEM<\/li>\n<li>Formal and Non formal education<\/li>\n<li>Counselling<\/li>\n<li>Ecology<\/li>\n<li>Human Rights<\/li>\n<li>Intercultural and interreligious dialogue<\/li>\n<\/ul>\n<hr \/>\n<p><strong>EXPERTISE OF THE PERSONS INVOLVED<\/strong><\/p>\n<p><strong>BO\u017dIDAR NIK\u0160A TARABI\u0106<\/strong><\/p>\n<p style=\"text-align: justify;\"><span lang=\"EN-CA\">PhD student, working in University of Zagreb, before in polyclinics for protection of children. One of the <\/span><span lang=\"LV\">lectors<\/span><span lang=\"EN-CA\"> on Medical university and Faculty of electrical engineering, Croatian studies, and Health School on communication skills and research methodology. He finished education Strengthening capacities for evaluating risk and managing safety to protect women and children victims of <\/span><span lang=\"EN-CA\">violence.<\/span><\/p>\n<p><strong>RICHMOND FRIMPONG<\/strong><\/p>\n<p style=\"text-align: justify;\">MBA candidate with experience in Sustainable Development Goals, Global Peace Ambassador and youthworker. Through his education and work to date, he has been involved in numerous projects across Europe and the world. In addition to his highly developed leadership skills, he has excellent organizational and logistical skills and is expert in marketing. Lately, he has specialized in intercultural dialogue, workshop facilitation and workshop design.<\/p>\n<p><strong>VLADIMIR KERE\u010cENI<\/strong><\/p>\n<p style=\"text-align: justify;\">Master of Theology, PHD Candidate, one of the main pillars of the Center for Social Innovatin. Specializing in working with religious communities, social work, interreligious dialogue and communications. Expertise in working with young people and children. He is the initiator and leader of numerous humanitarian and social projects for community development.<\/p>\n<p><strong>TONI SU\u010cI\u0106<\/strong><\/p>\n<p style=\"text-align: justify;\">Youth Worker with experience in preparing young people for the labor market. Through working and running a job club, he has gained immense experience and knowledge and has worked with over 200 young people so far. Participant in numerous ERASMUS projects on entrepreneurship, communication, human rights. Teamleader group on youth exchanges. Possesses highly developed logistical and coordination skills and Trainer.<\/p>\n<p><strong>MATEA RU\u017dI\u0106<\/strong><\/p>\n<p style=\"text-align: justify;\">Soon Master of Environmental Engineering, through her work focused on rural development and sustainability. Actively follows policies and guidelines for sustainable development locally, nationally and internationally. Coordinator of activities and leader of education for children and young people on the topic of ecology, water management, forest management, sustainable development. Head of STEM education for children and young people.<\/p>\n<hr \/>\n<p style=\"text-align: left;\">","protected":false},"excerpt":{"rendered":"<p>CENTAR DRU\u0160TVENIH INOVACIJA &#8211; CENTER FOR SOCIAL INNOVATION PARTNER IDENTIFICATION FORM Dear partner, Thank you for considering us for your future project. As an organization, the Center for Social Innovation always approaches each project proposal as professionally as possible and<\/p>","protected":false},"author":1,"featured_media":0,"parent":0,"menu_order":0,"comment_status":"closed","ping_status":"closed","template":"","meta":{"footnotes":""},"class_list":["post-612","page","type-page","status-publish","hentry"],"_links":{"self":[{"href":"https:\/\/cdi.hr\/en\/wp-json\/wp\/v2\/pages\/612"}],"collection":[{"href":"https:\/\/cdi.hr\/en\/wp-json\/wp\/v2\/pages"}],"about":[{"href":"https:\/\/cdi.hr\/en\/wp-json\/wp\/v2\/types\/page"}],"author":[{"embeddable":true,"href":"https:\/\/cdi.hr\/en\/wp-json\/wp\/v2\/users\/1"}],"replies":[{"embeddable":true,"href":"https:\/\/cdi.hr\/en\/wp-json\/wp\/v2\/comments?post=612"}],"version-history":[{"count":30,"href":"https:\/\/cdi.hr\/en\/wp-json\/wp\/v2\/pages\/612\/revisions"}],"predecessor-version":[{"id":842,"href":"https:\/\/cdi.hr\/en\/wp-json\/wp\/v2\/pages\/612\/revisions\/842"}],"wp:attachment":[{"href":"https:\/\/cdi.hr\/en\/wp-json\/wp\/v2\/media?parent=612"}],"curies":[{"name":"wp","href":"https:\/\/api.w.org\/{rel}","templated":true}]}}