{"id":795,"date":"2020-04-21T23:24:05","date_gmt":"2020-04-21T23:24:05","guid":{"rendered":"https:\/\/cdi.hr\/?page_id=795"},"modified":"2020-04-21T23:41:46","modified_gmt":"2020-04-21T23:41:46","slug":"cookie-policy","status":"publish","type":"page","link":"https:\/\/cdi.hr\/en\/cookie-policy\/","title":{"rendered":"Cookie Policy"},"content":{"rendered":"<div class=\"cli_pg_page_contaner\">\n<h3>O ovoj politici kola\u010di\u0107a<\/h3>\n<div>\n<p>Ova Pravila o kola\u010di\u0107ima obja\u0161njavaju \u0161to su kola\u010di\u0107i i kako ih koristimo. Trebali biste pro\u010ditati ovo pravilo da biste shvatili \u0161to su kola\u010di\u0107i, kako ih koristimo, vrste kola\u010di\u0107a koje koristimo, tj. Podatke koje prikupljamo pomo\u0107u kola\u010di\u0107a i kako se te informacije koriste i kako kontrolirati postavke kola\u010di\u0107a. Za dodatne informacije o tome kako koristimo, pohranjujemo i \u010duvamo va\u0161e osobne podatke, pogledajte na\u0161e Pravilnike o privatnosti.<\/p>\n<p>Mo\u017eete u bilo kojem trenutku promijeniti ili povu\u0107i svoj pristanak iz Izjave o kola\u010di\u0107ima na na\u0161oj web stranici.<\/p>\n<p>Saznajte vi\u0161e o tome tko smo, kako nas mo\u017eete kontaktirati i kako obra\u0111ujemo osobne podatke u na\u0161im Pravilima o privatnosti.<\/p>\n<p>Va\u0161 pristanak odnosi se na sljede\u0107e domene: cdi.hr<\/p>\n<p><a href=\"https:\/\/cdi.hr\/en\/\">cdi.hr<\/a><\/p>\n<div class=\"cli_user_consent_state\">Your current state: No consent given. <a class=\"cli_manage_current_consent\" style=\"cursor:pointer;text-decoration:underline;\">Manage your consent.<\/a> <\/div>\n<\/div>\n<h3>\u0160to su kola\u010di\u0107i?<\/h3>\n<div>\n<p>Kola\u010di\u0107i (eng. Cookies) su male tekstualne datoteke koje se koriste za pohranu malih dijelova informacija. Kola\u010di\u0107i se pohranjuju na va\u0161 ure\u0111aj kada se web stranica u\u010dita u va\u0161 preglednik. Ovi kola\u010di\u0107i poma\u017eu nam da ispravno funkcioniramo web mjesto, u\u010dinimo web mjesto sigurnijim, pru\u017eamo bolje korisni\u010dko iskustvo i razumijemo kako web mjesto funkcionira i analiziramo \u0161to radi i gdje treba pobolj\u0161ati.<\/p>\n<\/div>\n<h3>Kako koristimo kola\u010di\u0107e?<\/h3>\n<div>\n<p>Kao i ve\u0107ina internetskih usluga, na\u0161a web stranica koristi kola\u010di\u0107e prve i tre\u0107e strane za kola\u010di\u0107e u brojne svrhe. Kola\u010di\u0107i prve strane uglavnom su potrebni da web mjesto funkcionira na pravi na\u010din i ne prikupljaju nikakve va\u0161e osobne podatke.<\/p>\n<p>Kola\u010di\u0107i tre\u0107e strane koji se upotrebljavaju na na\u0161im web stranicama uglavnom se koriste za razumijevanje izvedbe web mjesta, interakciju s na\u0161om web stranicom, odr\u017eavanje na\u0161ih usluga, osiguravanje reklama koje su relevantne za vas i sve u svemu pru\u017eamo vam bolje i bolje korisni\u010dko iskustvo i pomo\u0107i vam da ubrzate budu\u0107e interakcije s na\u0161om web stranicom.<\/p>\n<\/div>\n<h3>Koje vrste kola\u010di\u0107a koristimo?<\/h3>\n<div>\n<p><strong>Nu\u017ene:<\/strong> Neki su kola\u010di\u0107i klju\u010dni kako biste mogli do\u017eivjeti potpunu funkcionalnost na\u0161e web stranice. Omogu\u0107uju nam odr\u017eavanje korisni\u010dkih sesija i sprje\u010davanje bilo kakvih sigurnosnih prijetnji. Ne prikupljaju niti pohranjuju nikakve osobne podatke. Na primjer, ti kola\u010di\u0107i omogu\u0107uju vam da se prijavite na svoj ra\u010dun te dodate proizvode u svoju ko\u0161aricu i na siguran na\u010din.<\/p>\n<p><strong>Statistika:<\/strong> Ovi kola\u010di\u0107i pohranjuju informacije poput broja posjetitelja web stranice, broja jedinstvenih posjetitelja, koje su stranice posje\u0107ene, izvor posjete itd. Ovi nam podaci poma\u017eu da razumijemo i analiziramo uspje\u0161nost web stranice i tamo gdje treba pobolj\u0161anje.<\/p>\n<p><strong>Marketing:<\/strong> Na\u0161a web stranica prikazuje oglase. Ovi kola\u010di\u0107i koriste se za personaliziranje reklama koje vam prikazujemo kako bi vam zna\u010dilo. Ovi kola\u010di\u0107i tako\u0111er nam poma\u017eu da pratimo u\u010dinkovitost ovih oglasnih kampanja.<\/p>\n<p>Informacije pohranjene u ovim kola\u010di\u0107ima tre\u0107i proizvo\u0111a\u010di oglasa mogu tako\u0111er koristiti za prikazivanje oglasa na ostalim web lokacijama u pregledniku.<\/p>\n<p><strong>Funkcionalni:<\/strong> Ovo su kola\u010di\u0107i koji poma\u017eu odre\u0111enim nebitnim funkcionalnostima na na\u0161oj web stranici. Te funkcionalnosti uklju\u010duju ugradnju sadr\u017eaja poput videozapisa ili dijeljenje sadr\u017eaja na web mjestu na platformama dru\u0161tvenih medija.<\/p>\n<p><strong>Postavke:<\/strong> Ovi kola\u010di\u0107i poma\u017eu nam da pohranimo va\u0161e postavke i postavke pretra\u017eivanja poput preferencija jezika, tako da imate bolje i efikasnije iskustvo budu\u0107ih posjeta web mjestu.<\/p>\n\n<\/div>\n<h3>Kako mogu kontrolirati postavke kola\u010di\u0107a?<\/h3>\n<div>\n<p>Ako odlu\u010dite naknadno promijeniti svoje postavke tijekom sesije pregledavanja, na zaslonu mo\u017eete kliknuti karticu &#8220;Privatnost i kola\u010di\u0107e&#8221;. To \u0107e opet prikazati obavijest o pristanku koja \u0107e vam omogu\u0107iti da promijenite svoje postavke ili u potpunosti povu\u010dete svoj pristanak.<\/p>\n<p>Uz to, razli\u010diti preglednici pru\u017eaju razli\u010dite metode za blokiranje i brisanje kola\u010di\u0107a koje koriste web stranice. Mo\u017eete promijeniti postavke preglednika da biste blokirali \/ izbrisali kola\u010di\u0107e. Da biste saznali vi\u0161e o upravljanju i brisanju kola\u010di\u0107a, posjetite wikipedia.org, www.allaboutcookies.org.<\/p>\n<p><a href=\"http:\/\/www.allaboutcookies.org\/\" target=\"_blank\" rel=\"nofollow noopener noreferrer\">www.allaboutcookies.org.<\/a><\/p>\n<\/div>\n<\/div>","protected":false},"excerpt":{"rendered":"<p>O ovoj politici kola\u010di\u0107a Ova Pravila o kola\u010di\u0107ima obja\u0161njavaju \u0161to su kola\u010di\u0107i i kako ih koristimo. Trebali biste pro\u010ditati ovo pravilo da biste shvatili \u0161to su kola\u010di\u0107i, kako ih koristimo, vrste kola\u010di\u0107a koje koristimo, tj. Podatke koje prikupljamo pomo\u0107u kola\u010di\u0107a<\/p>","protected":false},"author":1,"featured_media":0,"parent":0,"menu_order":0,"comment_status":"closed","ping_status":"closed","template":"","meta":{"footnotes":""},"class_list":["post-795","page","type-page","status-publish","hentry"],"_links":{"self":[{"href":"https:\/\/cdi.hr\/en\/wp-json\/wp\/v2\/pages\/795"}],"collection":[{"href":"https:\/\/cdi.hr\/en\/wp-json\/wp\/v2\/pages"}],"about":[{"href":"https:\/\/cdi.hr\/en\/wp-json\/wp\/v2\/types\/page"}],"author":[{"embeddable":true,"href":"https:\/\/cdi.hr\/en\/wp-json\/wp\/v2\/users\/1"}],"replies":[{"embeddable":true,"href":"https:\/\/cdi.hr\/en\/wp-json\/wp\/v2\/comments?post=795"}],"version-history":[{"count":1,"href":"https:\/\/cdi.hr\/en\/wp-json\/wp\/v2\/pages\/795\/revisions"}],"predecessor-version":[{"id":796,"href":"https:\/\/cdi.hr\/en\/wp-json\/wp\/v2\/pages\/795\/revisions\/796"}],"wp:attachment":[{"href":"https:\/\/cdi.hr\/en\/wp-json\/wp\/v2\/media?parent=795"}],"curies":[{"name":"wp","href":"https:\/\/api.w.org\/{rel}","templated":true}]}}