{"id":824,"date":"2020-05-02T13:10:16","date_gmt":"2020-05-02T13:10:16","guid":{"rendered":"https:\/\/cdi.hr\/?page_id=824"},"modified":"2022-03-08T18:43:52","modified_gmt":"2022-03-08T18:43:52","slug":"program-za-mlade-opcine-dubrava","status":"publish","type":"page","link":"https:\/\/cdi.hr\/en\/program-za-mlade-opcine-dubrava\/","title":{"rendered":"YOUTH PROGRAM FOR MUNICIPALITY OF DUBRAVA"},"content":{"rendered":"<p><span style=\"color: #de4949;\"><strong>IZRADA PROGRAMA ZA MLADE OP\u0106INE DUBRAVA<\/strong><\/span><\/p>\n<p><img loading=\"lazy\" decoding=\"async\" class=\"alignnone wp-image-830 size-full\" src=\"https:\/\/cdi.hr\/wp-content\/uploads\/2020\/05\/mladi.png\" alt=\"\" width=\"720\" height=\"259\" srcset=\"https:\/\/cdi.hr\/wp-content\/uploads\/2020\/05\/mladi.png 720w, https:\/\/cdi.hr\/wp-content\/uploads\/2020\/05\/mladi-300x108.png 300w\" sizes=\"(max-width: 720px) 100vw, 720px\" \/><\/p>\n<p style=\"text-align: justify;\"><b>Programom za mlade<\/b> (u daljnjem tekstu: Program) se usmjeravaju <b>nov\u010dana sredstava<\/b> i <b>aktivnosti<\/b> koje se provode unutar zajednice. Zato je va\u017eno da svaki \u010dlan zajednice poka\u017ee osobnu odgovornost, zauzme se za sebe i \u010dlanove svoje zajednice te preko ispunjavanja ovog upitnika izravno sudjeluje u usmjeravanju i oblikovanju Programa.<\/p>\n<p style=\"text-align: justify;\">Pravilno usmjeravanje razvoja na\u0161e zajednice tijekom narednih par godina, vjerujemo, vrijedi <b>15 minuta<\/b> ispunjavanja ovog upitnika. Budi i ti jedan\/a od onih koji \u0107e nam ukazati bolji put.<\/p>\n<p><a href=\"https:\/\/cdi.hr\/en\/opm-dubrava\/\">PROGRAM ZA MLADE<\/a><\/p>\n<p><a href=\"https:\/\/detaljnije.com\/mladi\/2020-GD\/\">UPITNIK<\/a><\/p>\n<p style=\"text-align: center;\"><em>Izradu &#8220;Programa za mlade Op\u0107ine Dubrava&#8221; financira Ministarstvo za demografiju, obitelj, mlade i socijalnu politiku.<\/em><\/p>","protected":false},"excerpt":{"rendered":"<p>IZRADA PROGRAMA ZA MLADE OP\u0106INE DUBRAVA Programom za mlade (u daljnjem tekstu: Program) se usmjeravaju nov\u010dana sredstava i aktivnosti koje se provode unutar zajednice. Zato je va\u017eno da svaki \u010dlan zajednice poka\u017ee osobnu odgovornost, zauzme se za sebe i \u010dlanove<\/p>","protected":false},"author":1,"featured_media":0,"parent":0,"menu_order":0,"comment_status":"closed","ping_status":"closed","template":"","meta":{"footnotes":""},"class_list":["post-824","page","type-page","status-publish","hentry"],"_links":{"self":[{"href":"https:\/\/cdi.hr\/en\/wp-json\/wp\/v2\/pages\/824"}],"collection":[{"href":"https:\/\/cdi.hr\/en\/wp-json\/wp\/v2\/pages"}],"about":[{"href":"https:\/\/cdi.hr\/en\/wp-json\/wp\/v2\/types\/page"}],"author":[{"embeddable":true,"href":"https:\/\/cdi.hr\/en\/wp-json\/wp\/v2\/users\/1"}],"replies":[{"embeddable":true,"href":"https:\/\/cdi.hr\/en\/wp-json\/wp\/v2\/comments?post=824"}],"version-history":[{"count":7,"href":"https:\/\/cdi.hr\/en\/wp-json\/wp\/v2\/pages\/824\/revisions"}],"predecessor-version":[{"id":1028,"href":"https:\/\/cdi.hr\/en\/wp-json\/wp\/v2\/pages\/824\/revisions\/1028"}],"wp:attachment":[{"href":"https:\/\/cdi.hr\/en\/wp-json\/wp\/v2\/media?parent=824"}],"curies":[{"name":"wp","href":"https:\/\/api.w.org\/{rel}","templated":true}]}}