{"id":855,"date":"2020-06-13T11:20:09","date_gmt":"2020-06-13T11:20:09","guid":{"rendered":"https:\/\/cdi.hr\/?page_id=855"},"modified":"2020-06-13T11:30:14","modified_gmt":"2020-06-13T11:30:14","slug":"ye-be-your-own-boss","status":"publish","type":"page","link":"https:\/\/cdi.hr\/en\/europski\/ye-be-your-own-boss\/","title":{"rendered":"Ye: Be your own Boss!"},"content":{"rendered":"<p><img loading=\"lazy\" decoding=\"async\" class=\"alignnone wp-image-857 size-full\" src=\"https:\/\/cdi.hr\/wp-content\/uploads\/2020\/06\/freddie-marriage-vSchPA-YA_A-unsplash.jpg\" alt=\"\" width=\"640\" height=\"427\" srcset=\"https:\/\/cdi.hr\/wp-content\/uploads\/2020\/06\/freddie-marriage-vSchPA-YA_A-unsplash.jpg 640w, https:\/\/cdi.hr\/wp-content\/uploads\/2020\/06\/freddie-marriage-vSchPA-YA_A-unsplash-300x200.jpg 300w\" sizes=\"(max-width: 640px) 100vw, 640px\" \/><\/p>\n<p>&nbsp;<\/p>\n<p>Kroz razmjenu mladih: YE: Be your own Boss! Cilj nam je pribli\u017eiti svijet poduzetni\u0161tva mladima.<\/p>\n<p>&nbsp;<\/p>\n<p>Kroz zanimljiv set radionica i devet dana mladi iz 8 zemalja \u0107e razmijeniti svoja iskustva, znanja i ideje vezane uz koncept poduzetni\u0161tva, dru\u0161tvenog poduzetni\u0161tva.<\/p>\n<p>Projektna aktivnost \u0107e se odr\u017eati u Zagrebu, krajem ljeta 25.08. &#8211; 02.09.2020.<\/p>","protected":false},"excerpt":{"rendered":"<p>&nbsp; Kroz razmjenu mladih: YE: Be your own Boss! Cilj nam je pribli\u017eiti svijet poduzetni\u0161tva mladima. &nbsp; Kroz zanimljiv set radionica i devet dana mladi iz 8 zemalja \u0107e razmijeniti svoja iskustva, znanja i ideje vezane uz koncept poduzetni\u0161tva, dru\u0161tvenog<\/p>","protected":false},"author":1,"featured_media":0,"parent":608,"menu_order":0,"comment_status":"closed","ping_status":"closed","template":"","meta":{"footnotes":""},"class_list":["post-855","page","type-page","status-publish","hentry"],"_links":{"self":[{"href":"https:\/\/cdi.hr\/en\/wp-json\/wp\/v2\/pages\/855"}],"collection":[{"href":"https:\/\/cdi.hr\/en\/wp-json\/wp\/v2\/pages"}],"about":[{"href":"https:\/\/cdi.hr\/en\/wp-json\/wp\/v2\/types\/page"}],"author":[{"embeddable":true,"href":"https:\/\/cdi.hr\/en\/wp-json\/wp\/v2\/users\/1"}],"replies":[{"embeddable":true,"href":"https:\/\/cdi.hr\/en\/wp-json\/wp\/v2\/comments?post=855"}],"version-history":[{"count":5,"href":"https:\/\/cdi.hr\/en\/wp-json\/wp\/v2\/pages\/855\/revisions"}],"predecessor-version":[{"id":861,"href":"https:\/\/cdi.hr\/en\/wp-json\/wp\/v2\/pages\/855\/revisions\/861"}],"up":[{"embeddable":true,"href":"https:\/\/cdi.hr\/en\/wp-json\/wp\/v2\/pages\/608"}],"wp:attachment":[{"href":"https:\/\/cdi.hr\/en\/wp-json\/wp\/v2\/media?parent=855"}],"curies":[{"name":"wp","href":"https:\/\/api.w.org\/{rel}","templated":true}]}}